{"id":12,"date":"2018-05-02T13:20:11","date_gmt":"2018-05-02T11:20:11","guid":{"rendered":"https:\/\/www.sun-group.at\/redirect\/?page_id=12"},"modified":"2019-11-14T08:36:06","modified_gmt":"2019-11-14T07:36:06","slug":"datenschutz","status":"publish","type":"page","link":"https:\/\/www.sun-group.at\/redirect\/datenschutz\/","title":{"rendered":"Datenschutz"},"content":{"rendered":"<div id=\"themify_builder_content-12\" data-postid=\"12\" class=\"themify_builder_content themify_builder_content-12 themify_builder\">\n    \t<!-- module_row -->\n\t<div   class=\"themify_builder_row module_row clearfix builder-parallax-scrolling fullwidth module_row_0 themify_builder_12_row module_row_12-0 tb_eeqb608\">\n\t    \t    <div class=\"row_inner col_align_top\" >\n\t\t\t<div  class=\"module_column tb-column col-full first tb_12_column module_column_0 module_column_12-0-0 tb_lp17020\">\n\t    \t    \t        <div class=\"tb-column-inner\">\n\t\t    <!-- module text -->\n<div  class=\"module module-text tb_jjmc822  repeat  \">\n            <div  class=\"tb_text_wrap\">\n    <h2 style=\"text-align: center;\"><strong>Datenschutzerkl\u00e4rung<\/strong><\/h2>    <\/div>\n<\/div>\n<!-- \/module text -->\n\t        <\/div>\n\t    \t<\/div>\n\t\t    <\/div>\n\t    <!-- \/row_inner -->\n\t<\/div>\n\t<!-- \/module_row -->\n\t\t<!-- module_row -->\n\t<div   class=\"themify_builder_row module_row clearfix repeat fullwidth_row_container module_row_1 themify_builder_12_row module_row_12-1 tb_fjdv226\">\n\t    \t    <div class=\"row_inner col_align_top\" >\n\t\t\t<div  class=\"module_column tb-column col-full first tb_12_column module_column_0 module_column_12-1-0 tb_ye0t000\">\n\t    \t    \t        <div class=\"tb-column-inner\">\n\t\t    <!-- module text -->\n<div  class=\"module module-text tb_g0vy008  repeat  \">\n            <div  class=\"tb_text_wrap\">\n    <p style=\"text-align: center;\"><strong>Erkl\u00e4rung zur Informationspflicht<\/strong><\/p>\n<p style=\"text-align: center;\">Der Schutz Ihrer pers\u00f6nlichen Daten ist uns ein besonderes Anliegen. Wir verarbeiten Ihre Daten daher ausschlie\u00dflich auf Grundlage der gesetzlichen Bestimmungen (DSGVO, TKG 2003). In diesen Datenschutzinformationen informieren wir Sie \u00fcber die wichtigsten Aspekte der Datenverarbeitung im Rahmen unserer Website.<\/p>\n<p style=\"text-align: center;\"><strong>Kontakt mit uns<\/strong><\/p>\n<p style=\"text-align: center;\">Wenn Sie per Formular auf der Website oder per E-Mail Kontakt mit uns aufnehmen, werden Ihre angegebenen Daten zwecks Bearbeitung der Anfrage und f\u00fcr den Fall von Anschlussfragen sechs Monate bei uns gespeichert. Diese Daten geben wir nicht ohne Ihre Einwilligung weiter.<\/p>\n<p style=\"text-align: center;\"><strong>Cookies<\/strong><\/p>\n<p style=\"text-align: center;\">Unsere Website verwendet so genannte Cookies. Dabei handelt es sich um kleine Textdateien, die mit Hilfe des Browsers auf Ihrem Endger\u00e4t abgelegt werden. Sie richten keinen Schaden an.<\/p>\n<p style=\"text-align: center;\">Wir nutzen Cookies dazu, unser Angebot nutzerfreundlich zu gestalten. Einige Cookies bleiben auf Ihrem Endger\u00e4t gespeichert, bis Sie diese l\u00f6schen. Sie erm\u00f6glichen es uns, Ihren Browser beim n\u00e4chsten Besuch wiederzuerkennen.<\/p>\n<p style=\"text-align: center;\">Wenn Sie dies nicht w\u00fcnschen, so k\u00f6nnen Sie Ihren Browser so einrichten, dass er Sie \u00fcber das Setzen von Cookies informiert und Sie dies nur im Einzelfall erlauben.<\/p>\n<p style=\"text-align: center;\">Bei der Deaktivierung von Cookies kann die Funktionalit\u00e4t unserer Website eingeschr\u00e4nkt sein.<\/p>\n<p style=\"text-align: center;\"><strong>Analyse Tools und Werbung<\/strong><\/p>\n<p style=\"text-align: center;\">WordPress Stats<\/p>\n<p style=\"text-align: center;\">Diese Website nutzt das WordPress Tool Stats, um Besucherzugriffe statistisch auszuwerten. Anbieter ist die Automattic Inc., 60 29th Street #343, San Francisco, CA 94110-4929, USA.<\/p>\n<p style=\"text-align: center;\">WordPress Stats verwendet Cookies, die auf Ihrem Computer gespeichert werden und die eine Analyse der Benutzung der Website erlauben. Die durch die Cookies generierten Informationen \u00fcber die Benutzung unserer Website werden auf Servern in den USA gespeichert. Ihre IP-Adresse wird nach der Verarbeitung und vor der Speicherung anonymisiert.<\/p>\n<p style=\"text-align: center;\">\u201cWordPress-Stats\u201d-Cookies verbleiben auf Ihrem Endger\u00e4t, bis Sie sie l\u00f6schen.<\/p>\n<p style=\"text-align: center;\">Die Speicherung von \u201cWordPress Stats\u201d-Cookies erfolgt auf Grundlage von Art. 6 Abs. 1 lit. f DSGVO. Der Websitebetreiber hat ein berechtigtes Interesse an der anonymisierten Analyse des Nutzerverhaltens, um sowohl sein Webangebot als auch seine Werbung zu optimieren.<\/p>\n<p style=\"text-align: center;\">Sie k\u00f6nnen Ihren Browser so einstellen, dass Sie \u00fcber das Setzen von Cookies informiert werden und Cookies nur im Einzelfall erlauben, die Annahme von Cookies f\u00fcr bestimmte F\u00e4lle oder generell ausschlie\u00dfen sowie das automatische L\u00f6schen der Cookies beim Schlie\u00dfen des Browser aktivieren. Bei der Deaktivierung von Cookies kann die Funktionalit\u00e4t unserer Website eingeschr\u00e4nkt sein.<\/p>\n<p style=\"text-align: center;\">Sie k\u00f6nnen der Erhebung und Nutzung Ihrer Daten f\u00fcr die Zukunft widersprechen, indem Sie mit einem Klick auf diesen Link einen Opt-Out-Cookie in Ihrem Browser setzen:\u00a0<a href=\"https:\/\/www.quantcast.com\/opt-out\/\">https:\/\/www.quantcast.com\/opt-out\/<\/a>.<\/p>\n<p style=\"text-align: center;\">Wenn Sie die Cookies auf Ihrem Rechner l\u00f6schen, m\u00fcssen Sie den Opt-Out-Cookie erneut setzen.<\/p>\n<p style=\"text-align: center;\">Google AdWords und Google Conversion-Tracking<\/p>\n<p style=\"text-align: center;\">Diese Website verwendet Google AdWords. AdWords ist ein Online-Werbeprogramm der Google Inc., 1600 Amphitheatre Parkway, Mountain View, CA 94043, United States (\u201cGoogle\u201d).<\/p>\n<p style=\"text-align: center;\">Im Rahmen von Google AdWords nutzen wir das so genannte Conversion-Tracking. Wenn Sie auf eine von Google geschaltete Anzeige klicken wird ein Cookie f\u00fcr das Conversion-Tracking gesetzt. Bei Cookies handelt es sich um kleine Textdateien, die der Internet-Browser auf dem Computer des Nutzers ablegt. Diese Cookies verlieren nach 30 Tagen ihre G\u00fcltigkeit und dienen nicht der pers\u00f6nlichen Identifizierung der Nutzer. Besucht der Nutzer bestimmte Seiten dieser Website und das Cookie ist noch nicht abgelaufen, k\u00f6nnen Google und wir erkennen, dass der Nutzer auf die Anzeige geklickt hat und zu dieser Seite weitergeleitet wurde.<\/p>\n<p style=\"text-align: center;\">Jeder Google AdWords-Kunde erh\u00e4lt ein anderes Cookie. Die Cookies k\u00f6nnen nicht \u00fcber die Websites von AdWords-Kunden nachverfolgt werden. Die mithilfe des Conversion-Cookies eingeholten Informationen dienen dazu, Conversion-Statistiken f\u00fcr AdWords-Kunden zu erstellen, die sich f\u00fcr Conversion-Tracking entschieden haben. Die Kunden erfahren die Gesamtanzahl der Nutzer, die auf ihre Anzeige geklickt haben und zu einer mit einem Conversion-Tracking-Tag versehenen Seite weitergeleitet wurden. Sie erhalten jedoch keine Informationen, mit denen sich Nutzer pers\u00f6nlich identifizieren lassen. Wenn Sie nicht am Tracking teilnehmen m\u00f6chten, k\u00f6nnen Sie dieser Nutzung widersprechen, indem Sie das Cookie des Google Conversion-Trackings \u00fcber ihren Internet-Browser unter Nutzereinstellungen leicht deaktivieren. Sie werden sodann nicht in die Conversion-Tracking Statistiken aufgenommen.<\/p>\n<p style=\"text-align: center;\">Die Speicherung von \u201cConversion-Cookies\u201d erfolgt auf Grundlage von Art. 6 Abs. 1 lit. f DSGVO. Der Websitebetreiber hat ein berechtigtes Interesse an der Analyse des Nutzerverhaltens, um sowohl sein Webangebot als auch seine Werbung zu optimieren.<\/p>\n<p style=\"text-align: center;\">Mehr Informationen zu Google AdWords und Google Conversion-Tracking finden Sie in den Datenschutzbestimmungen von Google:\u00a0<a href=\"https:\/\/www.google.de\/policies\/privacy\/\">https:\/\/www.google.de\/policies\/privacy\/<\/a>.<\/p>\n<p style=\"text-align: center;\">Sie k\u00f6nnen Ihren Browser so einstellen, dass Sie \u00fcber das Setzen von Cookies informiert werden und Cookies nur im Einzelfall erlauben, die Annahme von Cookies f\u00fcr bestimmte F\u00e4lle oder generell ausschlie\u00dfen sowie das automatische L\u00f6schen der Cookies beim Schlie\u00dfen des Browser aktivieren. Bei der Deaktivierung von Cookies kann die Funktionalit\u00e4t dieser Website eingeschr\u00e4nkt sein.<\/p>\n<p style=\"text-align: center;\"><strong>Google reCAPTCHA<\/strong><\/p>\n<p style=\"text-align: center;\">Wir nutzen \u201cGoogle reCAPTCHA\u201d (im Folgenden \u201creCAPTCHA\u201d) auf unseren Websites. Anbieter ist die Google Inc., 1600 Amphitheatre Parkway, Mountain View, CA 94043, USA (\u201cGoogle\u201d).<\/p>\n<p style=\"text-align: center;\">Mit reCAPTCHA soll \u00fcberpr\u00fcft werden, ob die Dateneingabe auf unseren Websites (z.B. in einem Kontaktformular) durch einen Menschen oder durch ein automatisiertes Programm erfolgt. Hierzu analysiert reCAPTCHA das Verhalten des Websitebesuchers anhand verschiedener Merkmale. Diese Analyse beginnt automatisch, sobald der Websitebesucher die Website betritt. Zur Analyse wertet reCAPTCHA verschiedene Informationen aus (z.B. IP-Adresse, Verweildauer des Websitebesuchers auf der Website oder vom Nutzer get\u00e4tigte Mausbewegungen). Die bei der Analyse erfassten Daten werden an Google weitergeleitet.<\/p>\n<p style=\"text-align: center;\">Die reCAPTCHA-Analysen laufen vollst\u00e4ndig im Hintergrund. Websitebesucher werden nicht darauf hingewiesen, dass eine Analyse stattfindet.<\/p>\n<p style=\"text-align: center;\">Die Datenverarbeitung erfolgt auf Grundlage von Art. 6 Abs. 1 lit. f DSGVO. Der Websitebetreiber hat ein berechtigtes Interesse daran, seine Webangebote vor missbr\u00e4uchlicher automatisierter Aussp\u00e4hung und vor SPAM zu sch\u00fctzen.<\/p>\n<p style=\"text-align: center;\">Weitere Informationen zu Google reCAPTCHA sowie die Datenschutzerkl\u00e4rung von Google entnehmen Sie folgenden Links:\u00a0<a href=\"https:\/\/www.google.com\/intl\/de\/policies\/privacy\/\">https:\/\/www.google.com\/intl\/de\/policies\/privacy\/<\/a>\u00a0und\u00a0<a href=\"https:\/\/www.google.com\/recaptcha\/intro\/android.html\">https:\/\/www.google.com\/recaptcha\/intro\/android.html<\/a>.<\/p>\n<p style=\"text-align: center;\"><strong>Newsletter<\/strong><\/p>\n<p style=\"text-align: center;\">Newsletterdaten<\/p>\n<p style=\"text-align: center;\">Wenn Sie den auf der Website angebotenen Newsletter beziehen m\u00f6chten, ben\u00f6tigen wir von Ihnen eine E-Mail-Adresse sowie Informationen, welche uns die \u00dcberpr\u00fcfung gestatten, dass Sie der Inhaber der angegebenen E-Mail-Adresse sind und mit dem Empfang des Newsletters einverstanden sind. Weitere Daten werden nicht bzw. nur auf freiwilliger Basis erhoben. Diese Daten verwenden wir ausschlie\u00dflich f\u00fcr den Versand der angeforderten Informationen und geben diese nicht an Dritte weiter.<\/p>\n<p style=\"text-align: center;\">Die Verarbeitung der in das Newsletteranmeldeformular eingegebenen Daten erfolgt ausschlie\u00dflich auf Grundlage Ihrer Einwilligung (Art. 6 Abs. 1 lit. a DSGVO). Die erteilte Einwilligung zur Speicherung der Daten, der E-Mail-Adresse sowie deren Nutzung zum Versand des Newsletters k\u00f6nnen Sie jederzeit widerrufen, etwa \u00fcber den \u201eAustragen\u201c-Link im Newsletter. Die Rechtm\u00e4\u00dfigkeit der bereits erfolgten Datenverarbeitungsvorg\u00e4nge bleibt vom Widerruf unber\u00fchrt.<\/p>\n<p style=\"text-align: center;\">Die von Ihnen zum Zwecke des Newsletter-Bezugs bei uns hinterlegten Daten werden von uns bis zu Ihrer Austragung aus dem Newsletter gespeichert und nach der Abbestellung des Newsletters gel\u00f6scht. Daten, die zu anderen Zwecken bei uns gespeichert wurden (z.B. E-Mail-Adressen f\u00fcr den Mitgliederbereich) bleiben hiervon unber\u00fchrt.<\/p>\n<p style=\"text-align: center;\"><strong>Plugins und Tools<\/strong><\/p>\n<p style=\"text-align: center;\">YouTube<\/p>\n<p style=\"text-align: center;\">Unsere Website nutzt Plugins der von Google betriebenen Seite YouTube. Betreiber der Seiten ist die YouTube, LLC, 901 Cherry Ave., San Bruno, CA 94066, USA.<\/p>\n<p style=\"text-align: center;\">Wenn Sie eine unserer mit einem YouTube-Plugin ausgestatteten Seiten besuchen, wird eine Verbindung zu den Servern von YouTube hergestellt. Dabei wird dem YouTube-Server mitgeteilt, welche unserer Seiten Sie besucht haben.<\/p>\n<p style=\"text-align: center;\">Wenn Sie in Ihrem YouTube-Account eingeloggt sind, erm\u00f6glichen Sie YouTube, Ihr Surfverhalten direkt Ihrem pers\u00f6nlichen Profil zuzuordnen. Dies k\u00f6nnen Sie verhindern, indem Sie sich aus Ihrem YouTube-Account ausloggen.<\/p>\n<p style=\"text-align: center;\">Die Nutzung von YouTube erfolgt im Interesse einer ansprechenden Darstellung unserer Online-Angebote. Dies stellt ein berechtigtes Interesse im Sinne von Art. 6 Abs. 1 lit. f DSGVO dar.<\/p>\n<p style=\"text-align: center;\">Weitere Informationen zum Umgang mit Nutzerdaten finden Sie in der Datenschutzerkl\u00e4rung von YouTube unter:\u00a0<a href=\"https:\/\/www.google.de\/intl\/de\/policies\/privacy\">https:\/\/www.google.de\/intl\/de\/policies\/privacy<\/a>.<\/p>\n<p style=\"text-align: center;\">Vimeo<\/p>\n<p style=\"text-align: center;\">Unsere Website nutzt Plugins des Videoportals Vimeo. Anbieter ist die Vimeo Inc., 555 West 18th Street, New York, New York 10011, USA.<\/p>\n<p style=\"text-align: center;\">Wenn Sie eine unserer mit einem Vimeo-Plugin ausgestatteten Seiten besuchen, wird eine Verbindung zu den Servern von Vimeo hergestellt. Dabei wird dem Vimeo-Server mitgeteilt, welche unserer Seiten Sie besucht haben. Zudem erlangt Vimeo Ihre IP-Adresse. Dies gilt auch dann, wenn Sie nicht bei Vimeo eingeloggt sind oder keinen Account bei Vimeo besitzen. Die von Vimeo erfassten Informationen werden an den Vimeo-Server in den USA \u00fcbermittelt.<\/p>\n<p style=\"text-align: center;\">Wenn Sie in Ihrem Vimeo-Account eingeloggt sind, erm\u00f6glichen Sie Vimeo, Ihr Surfverhalten direkt Ihrem pers\u00f6nlichen Profil zuzuordnen. Dies k\u00f6nnen Sie verhindern, indem Sie sich aus Ihrem Vimeo-Account ausloggen.<\/p>\n<p style=\"text-align: center;\">Weitere Informationen zum Umgang mit Nutzerdaten finden Sie in der Datenschutzerkl\u00e4rung von Vimeo unter:\u00a0<a href=\"https:\/\/vimeo.com\/privacy\">https:\/\/vimeo.com\/privacy<\/a>.<\/p>\n<p style=\"text-align: center;\">Google Maps<\/p>\n<p style=\"text-align: center;\">Diese Seite nutzt \u00fcber eine API den Kartendienst Google Maps. Anbieter ist die Google Inc., 1600 Amphitheatre Parkway, Mountain View, CA 94043, USA.<\/p>\n<p style=\"text-align: center;\">Zur Nutzung der Funktionen von Google Maps ist es notwendig, Ihre IP Adresse zu speichern. Diese Informationen werden in der Regel an einen Server von Google in den USA \u00fcbertragen und dort gespeichert. Der Anbieter dieser Seite hat keinen Einfluss auf diese Daten\u00fcbertragung.<\/p>\n<p style=\"text-align: center;\">Die Nutzung von Google Maps erfolgt im Interesse einer ansprechenden Darstellung unserer Online-Angebote und an einer leichten Auffindbarkeit der von uns auf der Website angegebenen Orte. Dies stellt ein berechtigtes Interesse im Sinne von Art. 6 Abs. 1 lit. f DSGVO dar.<\/p>\n<p style=\"text-align: center;\">Mehr Informationen zum Umgang mit Nutzerdaten finden Sie in der Datenschutzerkl\u00e4rung von Google:\u00a0<a href=\"https:\/\/www.google.de\/intl\/de\/policies\/privacy\/\">https:\/\/www.google.de\/intl\/de\/policies\/privacy\/<\/a>.<\/p>\n<p style=\"text-align: center;\"><strong>D_10a2 Beantwortung von Anfragen zum Datenschutz<\/strong><\/p>\n<p style=\"text-align: center;\">Wir ersuchen Sie Ihre Anfrage schriftlich oder per E-Mail mit einer beigelegten Ausweiskopie an folgende Adresse zu senden:<\/p>\n<p style=\"text-align: center;\">Sonnenstudio Sun Joy,\u00a0Vorgartenstrasse 134-138, 1020 Wien<\/p>\n<p style=\"text-align: center;\"><a href=\"mailto:sunjoy@kabsi.at\" target=\"_blank\" rel=\"noopener\">sunjoy@kabsi.at<\/a><\/p>\n<p style=\"text-align: center;\">Wir werden Ihre Anfrage dann entsprechend der gesetzlichen Vorschriften bearbeiten.<\/p>\n<p style=\"text-align: center;\"><strong>Sie erreichen uns unter folgenden Kontaktdaten:<\/strong><\/p>\n<p style=\"text-align: center;\">Unternehmen:\u00a0 \u00a0 \u00a0 \u00a0 \u00a0 Gabriele Vordermaier, Sonnenstudio, Nagelstudio<\/p>\n<p style=\"text-align: center;\">Telefonnummer:\u00a0 \u00a0 \u00a0 0676\/887 808 44<\/p>\n<p style=\"text-align: center;\">Strasse:\u00a0 \u00a0 \u00a0 \u00a0 \u00a0 \u00a0 \u00a0 \u00a0 \u00a0 Vorgartenstrasse 134-138<\/p>\n<p style=\"text-align: center;\">PLZ, Ort:\u00a0 \u00a0 \u00a0 \u00a0 \u00a0 \u00a0 \u00a0 \u00a0 1020 Wien<\/p>\n<p style=\"text-align: center;\">E-Mail-Adresse:\u00a0\u00a0\u00a0\u00a0\u00a0\u00a0 <a href=\"mailto:sunjoy@kabsi.at\">sunjoy@kabsi.at<\/a><\/p>    <\/div>\n<\/div>\n<!-- \/module text -->\n\t        <\/div>\n\t    \t<\/div>\n\t\t    <\/div>\n\t    <!-- \/row_inner -->\n\t<\/div>\n\t<!-- \/module_row -->\n\t<\/div>\n\n","protected":false},"excerpt":{"rendered":"<p>Datenschutzerkl\u00e4rung Erkl\u00e4rung zur Informationspflicht Der Schutz Ihrer pers\u00f6nlichen Daten ist uns ein besonderes Anliegen. Wir verarbeiten Ihre Daten daher ausschlie\u00dflich auf Grundlage der gesetzlichen Bestimmungen (DSGVO, TKG 2003). In diesen Datenschutzinformationen informieren wir Sie \u00fcber die wichtigsten Aspekte der Datenverarbeitung im Rahmen unserer Website. Kontakt mit uns Wenn Sie per Formular auf der Website oder [&hellip;]<\/p>\n","protected":false},"author":2,"featured_media":0,"parent":0,"menu_order":0,"comment_status":"closed","ping_status":"closed","template":"","meta":{"_monsterinsights_skip_tracking":false,"_monsterinsights_sitenote_active":false,"_monsterinsights_sitenote_note":"","_monsterinsights_sitenote_category":0},"aioseo_notices":[],"_links":{"self":[{"href":"https:\/\/www.sun-group.at\/redirect\/wp-json\/wp\/v2\/pages\/12"}],"collection":[{"href":"https:\/\/www.sun-group.at\/redirect\/wp-json\/wp\/v2\/pages"}],"about":[{"href":"https:\/\/www.sun-group.at\/redirect\/wp-json\/wp\/v2\/types\/page"}],"author":[{"embeddable":true,"href":"https:\/\/www.sun-group.at\/redirect\/wp-json\/wp\/v2\/users\/2"}],"replies":[{"embeddable":true,"href":"https:\/\/www.sun-group.at\/redirect\/wp-json\/wp\/v2\/comments?post=12"}],"version-history":[{"count":17,"href":"https:\/\/www.sun-group.at\/redirect\/wp-json\/wp\/v2\/pages\/12\/revisions"}],"predecessor-version":[{"id":323,"href":"https:\/\/www.sun-group.at\/redirect\/wp-json\/wp\/v2\/pages\/12\/revisions\/323"}],"wp:attachment":[{"href":"https:\/\/www.sun-group.at\/redirect\/wp-json\/wp\/v2\/media?parent=12"}],"curies":[{"name":"wp","href":"https:\/\/api.w.org\/{rel}","templated":true}]}}